{"id":269,"date":"2021-12-09T09:04:20","date_gmt":"2021-12-09T09:04:20","guid":{"rendered":"http:\/\/civis.in.openform.pl\/?page_id=269"},"modified":"2021-12-09T09:04:20","modified_gmt":"2021-12-09T09:04:20","slug":"grants","status":"publish","type":"page","link":"https:\/\/rownacszanse.pl\/en\/grants\/","title":{"rendered":"Grants"},"content":{"rendered":"","protected":false},"excerpt":{"rendered":"","protected":false},"author":1,"featured_media":575,"parent":0,"menu_order":0,"comment_status":"closed","ping_status":"closed","template":"grants-page.php","meta":{"_acf_changed":false,"footnotes":""},"class_list":["post-269","page","type-page","status-publish","has-post-thumbnail","hentry"],"acf":[],"yoast_head":"<!-- This site is optimized with the Yoast SEO plugin v27.3 - https:\/\/yoast.com\/product\/yoast-seo-wordpress\/ -->\n<title>Grants - R\u00f3wna\u0107 Szanse<\/title>\n<meta name=\"robots\" content=\"index, follow, max-snippet:-1, max-image-preview:large, max-video-preview:-1\" \/>\n<link rel=\"canonical\" href=\"https:\/\/rownacszanse.org.pl\/en\/grants\/\" \/>\n<meta property=\"og:locale\" content=\"en_US\" \/>\n<meta property=\"og:type\" content=\"article\" \/>\n<meta property=\"og:title\" content=\"Grants - R\u00f3wna\u0107 Szanse\" \/>\n<meta property=\"og:url\" content=\"https:\/\/rownacszanse.org.pl\/en\/grants\/\" \/>\n<meta property=\"og:site_name\" content=\"R\u00f3wna\u0107 Szanse\" \/>\n<meta property=\"og:image\" content=\"https:\/\/rownacszanse.org.pl\/wp-content\/uploads\/2021\/12\/rownac_szanse_granty-1.jpg\" \/>\n\t<meta property=\"og:image:width\" content=\"2048\" \/>\n\t<meta property=\"og:image:height\" content=\"864\" \/>\n\t<meta property=\"og:image:type\" content=\"image\/jpeg\" \/>\n<meta name=\"twitter:card\" content=\"summary_large_image\" \/>\n<script type=\"application\/ld+json\" class=\"yoast-schema-graph\">{\"@context\":\"https:\\\/\\\/schema.org\",\"@graph\":[{\"@type\":\"WebPage\",\"@id\":\"https:\\\/\\\/rownacszanse.org.pl\\\/en\\\/grants\\\/\",\"url\":\"https:\\\/\\\/rownacszanse.org.pl\\\/en\\\/grants\\\/\",\"name\":\"Grants - R\u00f3wna\u0107 Szanse\",\"isPartOf\":{\"@id\":\"https:\\\/\\\/rownacszanse.pl\\\/#website\"},\"primaryImageOfPage\":{\"@id\":\"https:\\\/\\\/rownacszanse.org.pl\\\/en\\\/grants\\\/#primaryimage\"},\"image\":{\"@id\":\"https:\\\/\\\/rownacszanse.org.pl\\\/en\\\/grants\\\/#primaryimage\"},\"thumbnailUrl\":\"https:\\\/\\\/rownacszanse.pl\\\/wp-content\\\/uploads\\\/2021\\\/12\\\/rownac_szanse_granty-1.jpg\",\"datePublished\":\"2021-12-09T09:04:20+00:00\",\"inLanguage\":\"en-US\",\"potentialAction\":[{\"@type\":\"ReadAction\",\"target\":[\"https:\\\/\\\/rownacszanse.org.pl\\\/en\\\/grants\\\/\"]}]},{\"@type\":\"ImageObject\",\"inLanguage\":\"en-US\",\"@id\":\"https:\\\/\\\/rownacszanse.org.pl\\\/en\\\/grants\\\/#primaryimage\",\"url\":\"https:\\\/\\\/rownacszanse.pl\\\/wp-content\\\/uploads\\\/2021\\\/12\\\/rownac_szanse_granty-1.jpg\",\"contentUrl\":\"https:\\\/\\\/rownacszanse.pl\\\/wp-content\\\/uploads\\\/2021\\\/12\\\/rownac_szanse_granty-1.jpg\",\"width\":2048,\"height\":864,\"caption\":\"Grupa m\u0142odych ludzi zbiega ze skarpy, jednocze\u015bnie rado\u015bnie podskakuj\u0105c. Pomi\u0119dzy nimi przebija\u0105 si\u0119 promienie s\u0142o\u0144ca. Maj\u0105 na sobie koszulki Programu \\\"R\u00f3wna\u0107 szanse\\\".\"},{\"@type\":\"WebSite\",\"@id\":\"https:\\\/\\\/rownacszanse.pl\\\/#website\",\"url\":\"https:\\\/\\\/rownacszanse.pl\\\/\",\"name\":\"R\u00f3wna\u0107 Szanse\",\"description\":\"Wspieramy m\u0142odzie\u017c z ma\u0142ych miejscowo\u015bci!\",\"potentialAction\":[{\"@type\":\"SearchAction\",\"target\":{\"@type\":\"EntryPoint\",\"urlTemplate\":\"https:\\\/\\\/rownacszanse.pl\\\/?s={search_term_string}\"},\"query-input\":{\"@type\":\"PropertyValueSpecification\",\"valueRequired\":true,\"valueName\":\"search_term_string\"}}],\"inLanguage\":\"en-US\"}]}<\/script>\n<!-- \/ Yoast SEO plugin. -->","yoast_head_json":{"title":"Grants - R\u00f3wna\u0107 Szanse","robots":{"index":"index","follow":"follow","max-snippet":"max-snippet:-1","max-image-preview":"max-image-preview:large","max-video-preview":"max-video-preview:-1"},"canonical":"https:\/\/rownacszanse.org.pl\/en\/grants\/","og_locale":"en_US","og_type":"article","og_title":"Grants - R\u00f3wna\u0107 Szanse","og_url":"https:\/\/rownacszanse.org.pl\/en\/grants\/","og_site_name":"R\u00f3wna\u0107 Szanse","og_image":[{"width":2048,"height":864,"url":"https:\/\/rownacszanse.org.pl\/wp-content\/uploads\/2021\/12\/rownac_szanse_granty-1.jpg","type":"image\/jpeg"}],"twitter_card":"summary_large_image","schema":{"@context":"https:\/\/schema.org","@graph":[{"@type":"WebPage","@id":"https:\/\/rownacszanse.org.pl\/en\/grants\/","url":"https:\/\/rownacszanse.org.pl\/en\/grants\/","name":"Grants - R\u00f3wna\u0107 Szanse","isPartOf":{"@id":"https:\/\/rownacszanse.pl\/#website"},"primaryImageOfPage":{"@id":"https:\/\/rownacszanse.org.pl\/en\/grants\/#primaryimage"},"image":{"@id":"https:\/\/rownacszanse.org.pl\/en\/grants\/#primaryimage"},"thumbnailUrl":"https:\/\/rownacszanse.pl\/wp-content\/uploads\/2021\/12\/rownac_szanse_granty-1.jpg","datePublished":"2021-12-09T09:04:20+00:00","inLanguage":"en-US","potentialAction":[{"@type":"ReadAction","target":["https:\/\/rownacszanse.org.pl\/en\/grants\/"]}]},{"@type":"ImageObject","inLanguage":"en-US","@id":"https:\/\/rownacszanse.org.pl\/en\/grants\/#primaryimage","url":"https:\/\/rownacszanse.pl\/wp-content\/uploads\/2021\/12\/rownac_szanse_granty-1.jpg","contentUrl":"https:\/\/rownacszanse.pl\/wp-content\/uploads\/2021\/12\/rownac_szanse_granty-1.jpg","width":2048,"height":864,"caption":"Grupa m\u0142odych ludzi zbiega ze skarpy, jednocze\u015bnie rado\u015bnie podskakuj\u0105c. Pomi\u0119dzy nimi przebija\u0105 si\u0119 promienie s\u0142o\u0144ca. Maj\u0105 na sobie koszulki Programu \"R\u00f3wna\u0107 szanse\"."},{"@type":"WebSite","@id":"https:\/\/rownacszanse.pl\/#website","url":"https:\/\/rownacszanse.pl\/","name":"R\u00f3wna\u0107 Szanse","description":"Wspieramy m\u0142odzie\u017c z ma\u0142ych miejscowo\u015bci!","potentialAction":[{"@type":"SearchAction","target":{"@type":"EntryPoint","urlTemplate":"https:\/\/rownacszanse.pl\/?s={search_term_string}"},"query-input":{"@type":"PropertyValueSpecification","valueRequired":true,"valueName":"search_term_string"}}],"inLanguage":"en-US"}]}},"_links":{"self":[{"href":"https:\/\/rownacszanse.pl\/en\/wp-json\/wp\/v2\/pages\/269\/"}],"collection":[{"href":"https:\/\/rownacszanse.pl\/en\/wp-json\/wp\/v2\/pages\/"}],"about":[{"href":"https:\/\/rownacszanse.pl\/en\/wp-json\/wp\/v2\/types\/page\/"}],"author":[{"embeddable":true,"href":"https:\/\/rownacszanse.pl\/en\/wp-json\/wp\/v2\/users\/1\/"}],"replies":[{"embeddable":true,"href":"https:\/\/rownacszanse.pl\/en\/wp-json\/wp\/v2\/comments\/?post=269"}],"version-history":[{"count":1,"href":"https:\/\/rownacszanse.pl\/en\/wp-json\/wp\/v2\/pages\/269\/revisions\/"}],"predecessor-version":[{"id":270,"href":"https:\/\/rownacszanse.pl\/en\/wp-json\/wp\/v2\/pages\/269\/revisions\/270\/"}],"wp:featuredmedia":[{"embeddable":true,"href":"https:\/\/rownacszanse.pl\/en\/wp-json\/wp\/v2\/media\/575\/"}],"wp:attachment":[{"href":"https:\/\/rownacszanse.pl\/en\/wp-json\/wp\/v2\/media\/?parent=269"}],"curies":[{"name":"wp","href":"https:\/\/api.w.org\/{rel}","templated":true}]}}